{"id":128,"date":"2014-11-12T02:29:55","date_gmt":"2014-11-12T00:29:55","guid":{"rendered":"http:\/\/www.burkhard-oelmann.de\/wordpress\/?page_id=128"},"modified":"2021-06-26T11:35:13","modified_gmt":"2021-06-26T09:35:13","slug":"vita","status":"publish","type":"page","link":"https:\/\/burkhard-oelmann.de\/?page_id=128","title":{"rendered":"Vita"},"content":{"rendered":"<p align=\"JUSTIFY\"><img loading=\"lazy\" decoding=\"async\" class=\"alignnone  wp-image-693\" src=\"http:\/\/www.burkhard-oelmann.de\/wordpress\/wp-content\/uploads\/2021\/06\/0KC_NEU_2_610-600x600.jpg\" alt=\"\" width=\"326\" height=\"326\" srcset=\"https:\/\/www.burkhard-oelmann.de\/wp-content\/uploads\/2021\/06\/0KC_NEU_2_610-600x600.jpg 600w, https:\/\/www.burkhard-oelmann.de\/wp-content\/uploads\/2021\/06\/0KC_NEU_2_610-300x300.jpg 300w, https:\/\/www.burkhard-oelmann.de\/wp-content\/uploads\/2021\/06\/0KC_NEU_2_610-150x150.jpg 150w, https:\/\/www.burkhard-oelmann.de\/wp-content\/uploads\/2021\/06\/0KC_NEU_2_610.jpg 610w\" sizes=\"auto, (max-width: 326px) 100vw, 326px\" \/><\/p>\n<p align=\"JUSTIFY\"><span style=\"font-family: Calibri,sans-serif;\">Burkhard Oelmann (geb. 1967), K\u00fcnstler, Kunsthistoriker, Textarbeiter. Von 1998 bis 2001 Mitglied des von der Deutschen Forschungsgemeinschaft gef\u00f6rderten Graduiertenkollegs \u201eK\u00f6rper-Inszenierungen\u201c an der Freien Universit\u00e4t Berlin. In der Folgezeit Lehrauftr\u00e4ge an der Universit\u00e4t der K\u00fcnste Berlin (Geschichte und \u00c4sthetik der Fotografie). Als Autodidakt den Schritt hin zur k\u00fcnstlerischen Praxis gegangen. <\/span><span style=\"font-family: Calibri, sans-serif;\">An den Schnittstellen von Kunst \/ Natur \/ Technik befassen sich die Arbeiten mit grundlegenden Fragestellungen des menschlichen Daseins und Wirkens in der Welt. Was ist unser Naturverst\u00e4ndnis? Welchen Einfluss hat unser Umgang mit der Natur? Was ist die Natur des Menschen? Was wird von ihr bleiben? Wohin f\u00fchren uns die technisierten Kommunikationswege? Wo wird der Ort des Menschen in der digital vernetzten Informationsgesellschaft sein?<\/span><\/p>\n\n\n<p><\/p>\n","protected":false},"excerpt":{"rendered":"<p>Burkhard Oelmann (geb. 1967), K\u00fcnstler, Kunsthistoriker, Textarbeiter. Von 1998 bis 2001 Mitglied des von der Deutschen Forschungsgemeinschaft gef\u00f6rderten Graduiertenkollegs \u201eK\u00f6rper-Inszenierungen\u201c an der Freien Universit\u00e4t Berlin. In der Folgezeit Lehrauftr\u00e4ge an der Universit\u00e4t der K\u00fcnste Berlin (Geschichte und \u00c4sthetik der Fotografie). Als Autodidakt den Schritt hin zur k\u00fcnstlerischen Praxis gegangen. An den Schnittstellen von Kunst \/ [&hellip;]<\/p>\n","protected":false},"author":1,"featured_media":0,"parent":0,"menu_order":0,"comment_status":"closed","ping_status":"closed","template":"","meta":{"footnotes":""},"class_list":["post-128","page","type-page","status-publish","hentry"],"_links":{"self":[{"href":"https:\/\/burkhard-oelmann.de\/index.php?rest_route=\/wp\/v2\/pages\/128","targetHints":{"allow":["GET"]}}],"collection":[{"href":"https:\/\/burkhard-oelmann.de\/index.php?rest_route=\/wp\/v2\/pages"}],"about":[{"href":"https:\/\/burkhard-oelmann.de\/index.php?rest_route=\/wp\/v2\/types\/page"}],"author":[{"embeddable":true,"href":"https:\/\/burkhard-oelmann.de\/index.php?rest_route=\/wp\/v2\/users\/1"}],"replies":[{"embeddable":true,"href":"https:\/\/burkhard-oelmann.de\/index.php?rest_route=%2Fwp%2Fv2%2Fcomments&post=128"}],"version-history":[{"count":34,"href":"https:\/\/burkhard-oelmann.de\/index.php?rest_route=\/wp\/v2\/pages\/128\/revisions"}],"predecessor-version":[{"id":694,"href":"https:\/\/burkhard-oelmann.de\/index.php?rest_route=\/wp\/v2\/pages\/128\/revisions\/694"}],"wp:attachment":[{"href":"https:\/\/burkhard-oelmann.de\/index.php?rest_route=%2Fwp%2Fv2%2Fmedia&parent=128"}],"curies":[{"name":"wp","href":"https:\/\/api.w.org\/{rel}","templated":true}]}}