{"id":131,"date":"2014-11-12T02:29:26","date_gmt":"2014-11-12T00:29:26","guid":{"rendered":"http:\/\/www.burkhard-oelmann.de\/wordpress\/?page_id=131"},"modified":"2018-08-02T11:53:26","modified_gmt":"2018-08-02T09:53:26","slug":"kontakt","status":"publish","type":"page","link":"https:\/\/burkhard-oelmann.de\/?page_id=131","title":{"rendered":"Impressum"},"content":{"rendered":"<p><span style=\"font-family: Calibri, sans-serif;\"><b>Angaben gem\u00e4\u00df \u00a7 5 TMG<\/b><\/span><\/p>\n<p><span style=\"font-family: Calibri, sans-serif;\">Burkhard Oelmann<br \/>\nWiclefstr. 32<br \/>\n10551 Berlin<\/span><\/p>\n<p><span style=\"font-family: Calibri, sans-serif;\">Telefon: 0176-22311257<br \/>\nE-Mail: <a href=\"mailto:kontakt@burkhard-oelmann.de\">kontakt@burkhard-oelmann.de<\/a><\/span><\/p>\n<p>&nbsp;<\/p>\n<p><span style=\"font-family: Calibri, sans-serif;\"><b>Verantwortlich f\u00fcr den Inhalt gem\u00e4\u00df \u00a7 5 TMG<\/b><\/span><\/p>\n<p><span style=\"font-family: Calibri, sans-serif;\">Burkhard Oelmann<br \/>\nWiclefstr. 32<br \/>\n10551 Berlin<\/span><\/p>\n<p><span style=\"font-family: Calibri, sans-serif;\"><b>Urheberrecht<\/b><\/span><\/p>\n<p><span style=\"font-family: Calibri, sans-serif;\">Alle Texte und Bilder, Grafiken, Ton- und Videodateien unterliegen dem Urheberrecht. Die Ver\u00f6ffentlichung in anderen elektronischen oder gedruckten Publikationen, die Vervielf\u00e4ltigung, Bearbeitung, Verbreitung und Verwertung der Werke bzw Inhalte ist ohne ausdr\u00fcckliche Zustimmung von Burkhard Oelmann nicht gestattet. <\/span><\/p>\n","protected":false},"excerpt":{"rendered":"<p>Angaben gem\u00e4\u00df \u00a7 5 TMG Burkhard Oelmann Wiclefstr. 32 10551 Berlin Telefon: 0176-22311257 E-Mail: kontakt@burkhard-oelmann.de &nbsp; Verantwortlich f\u00fcr den Inhalt gem\u00e4\u00df \u00a7 5 TMG Burkhard Oelmann Wiclefstr. 32 10551 Berlin Urheberrecht Alle Texte und Bilder, Grafiken, Ton- und Videodateien unterliegen dem Urheberrecht. Die Ver\u00f6ffentlichung in anderen elektronischen oder gedruckten Publikationen, die Vervielf\u00e4ltigung, Bearbeitung, Verbreitung und [&hellip;]<\/p>\n","protected":false},"author":1,"featured_media":0,"parent":0,"menu_order":0,"comment_status":"closed","ping_status":"closed","template":"","meta":{"footnotes":""},"class_list":["post-131","page","type-page","status-publish","hentry"],"_links":{"self":[{"href":"https:\/\/burkhard-oelmann.de\/index.php?rest_route=\/wp\/v2\/pages\/131","targetHints":{"allow":["GET"]}}],"collection":[{"href":"https:\/\/burkhard-oelmann.de\/index.php?rest_route=\/wp\/v2\/pages"}],"about":[{"href":"https:\/\/burkhard-oelmann.de\/index.php?rest_route=\/wp\/v2\/types\/page"}],"author":[{"embeddable":true,"href":"https:\/\/burkhard-oelmann.de\/index.php?rest_route=\/wp\/v2\/users\/1"}],"replies":[{"embeddable":true,"href":"https:\/\/burkhard-oelmann.de\/index.php?rest_route=%2Fwp%2Fv2%2Fcomments&post=131"}],"version-history":[{"count":19,"href":"https:\/\/burkhard-oelmann.de\/index.php?rest_route=\/wp\/v2\/pages\/131\/revisions"}],"predecessor-version":[{"id":568,"href":"https:\/\/burkhard-oelmann.de\/index.php?rest_route=\/wp\/v2\/pages\/131\/revisions\/568"}],"wp:attachment":[{"href":"https:\/\/burkhard-oelmann.de\/index.php?rest_route=%2Fwp%2Fv2%2Fmedia&parent=131"}],"curies":[{"name":"wp","href":"https:\/\/api.w.org\/{rel}","templated":true}]}}