{"id":174,"date":"2014-11-12T02:32:10","date_gmt":"2014-11-12T00:32:10","guid":{"rendered":"http:\/\/www.burkhard-oelmann.de\/wordpress\/?page_id=174"},"modified":"2023-09-29T20:45:04","modified_gmt":"2023-09-29T18:45:04","slug":"objekte-2","status":"publish","type":"page","link":"https:\/\/burkhard-oelmann.de\/?page_id=174","title":{"rendered":"Objekte"},"content":{"rendered":"<p><strong><span style=\"font-family: Calibri,sans-serif;\">Systemfehler (Kleiner Maschinentraum)<\/span><\/strong><\/p>\r\n<p align=\"JUSTIFY\"><span style=\"font-family: Calibri,sans-serif;\">Aufstand im Reich der Effizienz. Eine Rechenmaschine scheint ein Eigenleben entwickelt zu haben; autopoietisches System oder sch\u00f6ner Eingabefehler. Ziffern tanzen \u00fcber das Papier, verbinden sich nach Sympathie inmitten r\u00e4tselhafter Formen und Muster. Von sinnvoller Kalkulation keine Spur. Statt Datenverarbeitung im Ausdruck: ein Beleg der individuellen Freiheit, des k\u00fcnstlerischen Tagtraums, der zweckfreien Assoziation. Die kleine Rechenmaschine ist als Chiffre f\u00fcr den Computer bzw. die moderne Datenverarbeitung, Informations- und Kommunikationstechnik zu verstehen. Der Titel der Arbeit spielt mit Doppeldeutigkeit des Begriff <\/span><em><span style=\"font-family: Calibri,sans-serif;\">Systemfehler<\/span><\/em><span style=\"font-family: Calibri,sans-serif;\">. Je nach Perspektive funktioniert der Rechner nicht oder es sind eben die politisch-sozialen Zwecke und Gegebenheiten fragw\u00fcrdig, denen er dienen soll. In letzterem Fall ist die ausgedruckte \u201eRechnung\u201c eine Intervention des k\u00fcnstlerisch-kreativen Querdenkens. Sie entzieht sich der Logik von Wertsch\u00f6pfungsprozessen und Effizienzorientierung. Die Unbrauchbarkeit der Daten meint hier Freiheit.<\/span><\/p>\r\n<p><img loading=\"lazy\" decoding=\"async\" class=\"alignnone size-large wp-image-338\" src=\"http:\/\/www.burkhard-oelmann.de\/wp-content\/uploads\/2014\/11\/Systemfehler-1-466x700.jpg\" alt=\"\" width=\"399\" height=\"600\" \/><\/p>\r\n<p><img loading=\"lazy\" decoding=\"async\" class=\"alignnone size-large wp-image-339\" src=\"http:\/\/www.burkhard-oelmann.de\/wp-content\/uploads\/2014\/11\/Systemfehler-2-700x466.jpg\" alt=\"\" width=\"640\" height=\"426\" \/><\/p>\r\n<p><img loading=\"lazy\" decoding=\"async\" class=\"alignnone size-large wp-image-340\" src=\"http:\/\/www.burkhard-oelmann.de\/wp-content\/uploads\/2014\/11\/Systemfehler-3-466x700.jpg\" alt=\"\" width=\"399\" height=\"600\" \/><\/p>\r\n<p><img loading=\"lazy\" decoding=\"async\" class=\"alignnone size-large wp-image-341\" src=\"http:\/\/www.burkhard-oelmann.de\/wp-content\/uploads\/2014\/11\/Systemfehler-4-700x466.jpg\" alt=\"\" width=\"640\" height=\"426\" \/><\/p>\r\n<p>&nbsp;<\/p>\r\n<p><strong>Transparent<br \/><\/strong><\/p>\r\n<p align=\"CENTER\"><span style=\"font-family: Calibri,sans-serif;\"><span style=\"font-size: medium;\">Transparent: transparent. Nullpunkt der Meinungsfreiheit, Verstummen jeglichen Protestes, Kollaps der Referenz, Diskursende.<\/span><\/span><\/p>\r\n<p align=\"CENTER\"><span style=\"font-family: Calibri,sans-serif;\"><span style=\"font-size: medium;\">Ordnung<\/span><\/span><\/p>\r\n<p align=\"CENTER\"><span style=\"font-family: Calibri,sans-serif;\"><span style=\"font-size: medium;\">Zensur<\/span><\/span><\/p>\r\n<p align=\"CENTER\"><span style=\"font-family: Calibri,sans-serif;\"><span style=\"font-size: medium;\">\u00dcberwachung<\/span><\/span><\/p>\r\n<p align=\"CENTER\"><span style=\"font-family: Calibri,sans-serif;\"><span style=\"font-size: medium;\">Gleichschaltung<\/span><\/span><\/p>\r\n<p align=\"CENTER\"><span style=\"font-family: Calibri,sans-serif;\"><span style=\"font-size: medium;\">S\u00e4uberung<\/span><\/span><\/p>\r\n<p align=\"CENTER\"><span style=\"font-family: Calibri,sans-serif;\"><span style=\"font-size: medium;\">Verbannung<\/span><\/span><\/p>\r\n<p align=\"CENTER\"><span style=\"font-family: Calibri,sans-serif;\"><span style=\"font-size: medium;\">Ausl\u00f6schung<\/span><\/span><\/p>\r\n<p align=\"CENTER\"><span style=\"font-family: Calibri,sans-serif;\"><span style=\"font-size: medium;\">Totenstille<\/span><\/span><\/p>\r\n<p align=\"CENTER\"><span style=\"font-family: Calibri,sans-serif;\"><span style=\"font-size: medium;\">Traum des Sultans. Traum des obersten Genossen<\/span><\/span><span style=\"font-family: Calibri,sans-serif;\"><span style=\"font-size: large;\"><span lang=\"ru-RU\">. <\/span><\/span><\/span><span style=\"font-family: Calibri,sans-serif;\"><span style=\"font-size: medium;\">Traum des geliebten F\u00fchrers &#8230;<\/span><\/span><\/p>\r\n<p><img loading=\"lazy\" decoding=\"async\" class=\"alignnone size-large wp-image-511\" src=\"http:\/\/www.burkhard-oelmann.de\/wp-content\/uploads\/2014\/11\/Transparent-1-400x600.png\" alt=\"\" width=\"400\" height=\"600\" srcset=\"https:\/\/www.burkhard-oelmann.de\/wp-content\/uploads\/2014\/11\/Transparent-1.png 400w, https:\/\/www.burkhard-oelmann.de\/wp-content\/uploads\/2014\/11\/Transparent-1-300x450.png 300w\" sizes=\"auto, (max-width: 400px) 100vw, 400px\" \/><\/p>\r\n<p><img loading=\"lazy\" decoding=\"async\" class=\"alignnone size-large wp-image-512\" src=\"http:\/\/www.burkhard-oelmann.de\/wp-content\/uploads\/2014\/11\/Transparent-2-400x600.png\" alt=\"\" width=\"400\" height=\"600\" srcset=\"https:\/\/www.burkhard-oelmann.de\/wp-content\/uploads\/2014\/11\/Transparent-2.png 400w, https:\/\/www.burkhard-oelmann.de\/wp-content\/uploads\/2014\/11\/Transparent-2-300x450.png 300w\" sizes=\"auto, (max-width: 400px) 100vw, 400px\" \/><\/p>\r\n<p>&nbsp;<\/p>\r\n<p><strong>Register<\/strong><\/p>\r\n<p><img loading=\"lazy\" decoding=\"async\" class=\"alignnone size-large wp-image-613\" src=\"http:\/\/www.burkhard-oelmann.de\/wp-content\/uploads\/2021\/02\/register_35-450x600.png\" alt=\"\" width=\"450\" height=\"600\" srcset=\"https:\/\/www.burkhard-oelmann.de\/wp-content\/uploads\/2021\/02\/register_35.png 450w, https:\/\/www.burkhard-oelmann.de\/wp-content\/uploads\/2021\/02\/register_35-300x400.png 300w\" sizes=\"auto, (max-width: 450px) 100vw, 450px\" \/> <img loading=\"lazy\" decoding=\"async\" class=\"alignnone size-large wp-image-612\" src=\"http:\/\/www.burkhard-oelmann.de\/wp-content\/uploads\/2021\/02\/register_32-450x600.png\" alt=\"\" width=\"450\" height=\"600\" srcset=\"https:\/\/www.burkhard-oelmann.de\/wp-content\/uploads\/2021\/02\/register_32.png 450w, https:\/\/www.burkhard-oelmann.de\/wp-content\/uploads\/2021\/02\/register_32-300x400.png 300w\" sizes=\"auto, (max-width: 450px) 100vw, 450px\" \/> <img loading=\"lazy\" decoding=\"async\" class=\"alignnone size-large wp-image-611\" src=\"http:\/\/www.burkhard-oelmann.de\/wp-content\/uploads\/2021\/02\/register_31-450x600.png\" alt=\"\" width=\"450\" height=\"600\" srcset=\"https:\/\/www.burkhard-oelmann.de\/wp-content\/uploads\/2021\/02\/register_31.png 450w, https:\/\/www.burkhard-oelmann.de\/wp-content\/uploads\/2021\/02\/register_31-300x400.png 300w\" sizes=\"auto, (max-width: 450px) 100vw, 450px\" \/> <img loading=\"lazy\" decoding=\"async\" class=\"alignnone size-large wp-image-610\" src=\"http:\/\/www.burkhard-oelmann.de\/wp-content\/uploads\/2021\/02\/register_28-450x600.png\" alt=\"\" width=\"450\" height=\"600\" srcset=\"https:\/\/www.burkhard-oelmann.de\/wp-content\/uploads\/2021\/02\/register_28.png 450w, https:\/\/www.burkhard-oelmann.de\/wp-content\/uploads\/2021\/02\/register_28-300x400.png 300w\" sizes=\"auto, (max-width: 450px) 100vw, 450px\" \/> <img loading=\"lazy\" decoding=\"async\" class=\"alignnone size-large wp-image-609\" src=\"http:\/\/www.burkhard-oelmann.de\/wp-content\/uploads\/2021\/02\/register_26-450x600.png\" alt=\"\" width=\"450\" height=\"600\" srcset=\"https:\/\/www.burkhard-oelmann.de\/wp-content\/uploads\/2021\/02\/register_26.png 450w, https:\/\/www.burkhard-oelmann.de\/wp-content\/uploads\/2021\/02\/register_26-300x400.png 300w\" sizes=\"auto, (max-width: 450px) 100vw, 450px\" \/> <img loading=\"lazy\" decoding=\"async\" class=\"alignnone size-large wp-image-608\" src=\"http:\/\/www.burkhard-oelmann.de\/wp-content\/uploads\/2021\/02\/register_25-450x600.png\" alt=\"\" width=\"450\" height=\"600\" srcset=\"https:\/\/www.burkhard-oelmann.de\/wp-content\/uploads\/2021\/02\/register_25.png 450w, https:\/\/www.burkhard-oelmann.de\/wp-content\/uploads\/2021\/02\/register_25-300x400.png 300w\" sizes=\"auto, (max-width: 450px) 100vw, 450px\" \/> <img loading=\"lazy\" decoding=\"async\" class=\"alignnone size-large wp-image-607\" src=\"http:\/\/www.burkhard-oelmann.de\/wp-content\/uploads\/2021\/02\/register_21-450x600.png\" alt=\"\" width=\"450\" height=\"600\" srcset=\"https:\/\/www.burkhard-oelmann.de\/wp-content\/uploads\/2021\/02\/register_21.png 450w, https:\/\/www.burkhard-oelmann.de\/wp-content\/uploads\/2021\/02\/register_21-300x400.png 300w\" sizes=\"auto, (max-width: 450px) 100vw, 450px\" \/> <img loading=\"lazy\" decoding=\"async\" class=\"alignnone size-large wp-image-606\" src=\"http:\/\/www.burkhard-oelmann.de\/wp-content\/uploads\/2021\/02\/register_20-450x600.png\" alt=\"\" width=\"450\" height=\"600\" srcset=\"https:\/\/www.burkhard-oelmann.de\/wp-content\/uploads\/2021\/02\/register_20.png 450w, https:\/\/www.burkhard-oelmann.de\/wp-content\/uploads\/2021\/02\/register_20-300x400.png 300w\" sizes=\"auto, (max-width: 450px) 100vw, 450px\" \/> <img loading=\"lazy\" decoding=\"async\" class=\"alignnone size-large wp-image-605\" src=\"http:\/\/www.burkhard-oelmann.de\/wp-content\/uploads\/2021\/02\/register_16-450x600.png\" alt=\"\" width=\"450\" height=\"600\" srcset=\"https:\/\/www.burkhard-oelmann.de\/wp-content\/uploads\/2021\/02\/register_16.png 450w, https:\/\/www.burkhard-oelmann.de\/wp-content\/uploads\/2021\/02\/register_16-300x400.png 300w\" sizes=\"auto, (max-width: 450px) 100vw, 450px\" \/> <img loading=\"lazy\" decoding=\"async\" class=\"alignnone size-large wp-image-604\" src=\"http:\/\/www.burkhard-oelmann.de\/wp-content\/uploads\/2021\/02\/register_14-450x600.png\" alt=\"\" width=\"450\" height=\"600\" srcset=\"https:\/\/www.burkhard-oelmann.de\/wp-content\/uploads\/2021\/02\/register_14.png 450w, https:\/\/www.burkhard-oelmann.de\/wp-content\/uploads\/2021\/02\/register_14-300x400.png 300w\" sizes=\"auto, (max-width: 450px) 100vw, 450px\" \/> <img loading=\"lazy\" decoding=\"async\" class=\"alignnone size-large wp-image-603\" src=\"http:\/\/www.burkhard-oelmann.de\/wp-content\/uploads\/2021\/02\/register_13-450x600.png\" alt=\"\" width=\"450\" height=\"600\" srcset=\"https:\/\/www.burkhard-oelmann.de\/wp-content\/uploads\/2021\/02\/register_13.png 450w, https:\/\/www.burkhard-oelmann.de\/wp-content\/uploads\/2021\/02\/register_13-300x400.png 300w\" sizes=\"auto, (max-width: 450px) 100vw, 450px\" \/> <img loading=\"lazy\" decoding=\"async\" class=\"alignnone size-large wp-image-602\" src=\"http:\/\/www.burkhard-oelmann.de\/wp-content\/uploads\/2021\/02\/register_11-450x600.png\" alt=\"\" width=\"450\" height=\"600\" srcset=\"https:\/\/www.burkhard-oelmann.de\/wp-content\/uploads\/2021\/02\/register_11.png 450w, https:\/\/www.burkhard-oelmann.de\/wp-content\/uploads\/2021\/02\/register_11-300x400.png 300w\" sizes=\"auto, (max-width: 450px) 100vw, 450px\" \/> <img loading=\"lazy\" decoding=\"async\" class=\"alignnone size-large wp-image-601\" src=\"http:\/\/www.burkhard-oelmann.de\/wp-content\/uploads\/2021\/02\/register_9-450x600.png\" alt=\"\" width=\"450\" height=\"600\" srcset=\"https:\/\/www.burkhard-oelmann.de\/wp-content\/uploads\/2021\/02\/register_9.png 450w, https:\/\/www.burkhard-oelmann.de\/wp-content\/uploads\/2021\/02\/register_9-300x400.png 300w\" sizes=\"auto, (max-width: 450px) 100vw, 450px\" \/> <img loading=\"lazy\" decoding=\"async\" class=\"alignnone size-large wp-image-600\" src=\"http:\/\/www.burkhard-oelmann.de\/wp-content\/uploads\/2021\/02\/register_8-450x600.png\" alt=\"\" width=\"450\" height=\"600\" srcset=\"https:\/\/www.burkhard-oelmann.de\/wp-content\/uploads\/2021\/02\/register_8.png 450w, https:\/\/www.burkhard-oelmann.de\/wp-content\/uploads\/2021\/02\/register_8-300x400.png 300w\" sizes=\"auto, (max-width: 450px) 100vw, 450px\" \/> <img loading=\"lazy\" decoding=\"async\" class=\"alignnone size-large wp-image-599\" src=\"http:\/\/www.burkhard-oelmann.de\/wp-content\/uploads\/2021\/02\/register_3-450x600.png\" alt=\"\" width=\"450\" height=\"600\" srcset=\"https:\/\/www.burkhard-oelmann.de\/wp-content\/uploads\/2021\/02\/register_3.png 450w, https:\/\/www.burkhard-oelmann.de\/wp-content\/uploads\/2021\/02\/register_3-300x400.png 300w\" sizes=\"auto, (max-width: 450px) 100vw, 450px\" \/> <img loading=\"lazy\" decoding=\"async\" class=\"alignnone size-large wp-image-598\" src=\"http:\/\/www.burkhard-oelmann.de\/wp-content\/uploads\/2021\/02\/register_1-450x600.png\" alt=\"\" width=\"450\" height=\"600\" srcset=\"https:\/\/www.burkhard-oelmann.de\/wp-content\/uploads\/2021\/02\/register_1.png 450w, https:\/\/www.burkhard-oelmann.de\/wp-content\/uploads\/2021\/02\/register_1-300x400.png 300w\" sizes=\"auto, (max-width: 450px) 100vw, 450px\" \/><\/p>\r\n<p>&nbsp;<\/p>\r\n<p><strong>Wald und Strom und Feld<\/strong><\/p>\r\n<p><span style=\"font-family: Calibri, sans-serif;\">Im Bann der Displays nehmen wir die Welt oft nur noch mittelbar wahr. Eine Intervention: Sechs tablets, dem Betrachter abgewandt, zeigen ein alternatives Feld der Wahrnehmung. Lob des Offline in nat\u00fcrlichen Formen, Strukturen und feinen Lineaturen.<\/span><\/p>\r\n<p><span style=\"font-family: Calibri, sans-serif;\">&#8218;Wald und Strom und Feld&#8216; ist eine Passage aus dem Gedicht &#8218;Der frohe Wandersmann&#8216; des romantischen Dichters Joseph von Eichendorff. In diesem Gedicht wird die Erfahrung einer magischen Natur, der harmonische Gleichklang von Mensch und Natur als Lebens- und Erkenntnisprinzip beschrieben.<\/span><\/p>\r\n<p><strong><img loading=\"lazy\" decoding=\"async\" class=\"alignnone size-large wp-image-573\" src=\"http:\/\/www.burkhard-oelmann.de\/wp-content\/uploads\/2018\/11\/wsf_1_-395x600.png\" alt=\"\" width=\"395\" height=\"600\" srcset=\"https:\/\/www.burkhard-oelmann.de\/wp-content\/uploads\/2018\/11\/wsf_1_.png 395w, https:\/\/www.burkhard-oelmann.de\/wp-content\/uploads\/2018\/11\/wsf_1_-300x456.png 300w\" sizes=\"auto, (max-width: 395px) 100vw, 395px\" \/> <img loading=\"lazy\" decoding=\"async\" class=\"alignnone size-large wp-image-574\" src=\"http:\/\/www.burkhard-oelmann.de\/wp-content\/uploads\/2018\/11\/wsf_2-395x600.png\" alt=\"\" width=\"395\" height=\"600\" srcset=\"https:\/\/www.burkhard-oelmann.de\/wp-content\/uploads\/2018\/11\/wsf_2.png 395w, https:\/\/www.burkhard-oelmann.de\/wp-content\/uploads\/2018\/11\/wsf_2-300x456.png 300w\" sizes=\"auto, (max-width: 395px) 100vw, 395px\" \/> <img loading=\"lazy\" decoding=\"async\" class=\"alignnone size-large wp-image-575\" src=\"http:\/\/www.burkhard-oelmann.de\/wp-content\/uploads\/2018\/11\/wsf_3-395x600.png\" alt=\"\" width=\"395\" height=\"600\" srcset=\"https:\/\/www.burkhard-oelmann.de\/wp-content\/uploads\/2018\/11\/wsf_3.png 395w, https:\/\/www.burkhard-oelmann.de\/wp-content\/uploads\/2018\/11\/wsf_3-300x456.png 300w\" sizes=\"auto, (max-width: 395px) 100vw, 395px\" \/> <img loading=\"lazy\" decoding=\"async\" class=\"alignnone size-large wp-image-576\" src=\"http:\/\/www.burkhard-oelmann.de\/wp-content\/uploads\/2018\/11\/wsf_4-395x600.png\" alt=\"\" width=\"395\" height=\"600\" srcset=\"https:\/\/www.burkhard-oelmann.de\/wp-content\/uploads\/2018\/11\/wsf_4.png 395w, https:\/\/www.burkhard-oelmann.de\/wp-content\/uploads\/2018\/11\/wsf_4-300x456.png 300w\" sizes=\"auto, (max-width: 395px) 100vw, 395px\" \/> <img loading=\"lazy\" decoding=\"async\" class=\"alignnone size-large wp-image-577\" src=\"http:\/\/www.burkhard-oelmann.de\/wp-content\/uploads\/2018\/11\/wsf_5-395x600.png\" alt=\"\" width=\"395\" height=\"600\" srcset=\"https:\/\/www.burkhard-oelmann.de\/wp-content\/uploads\/2018\/11\/wsf_5.png 395w, https:\/\/www.burkhard-oelmann.de\/wp-content\/uploads\/2018\/11\/wsf_5-300x456.png 300w\" sizes=\"auto, (max-width: 395px) 100vw, 395px\" \/> <img loading=\"lazy\" decoding=\"async\" class=\"alignnone size-large wp-image-578\" src=\"http:\/\/www.burkhard-oelmann.de\/wp-content\/uploads\/2018\/11\/wsf_6-395x600.png\" alt=\"\" width=\"395\" height=\"600\" srcset=\"https:\/\/www.burkhard-oelmann.de\/wp-content\/uploads\/2018\/11\/wsf_6.png 395w, https:\/\/www.burkhard-oelmann.de\/wp-content\/uploads\/2018\/11\/wsf_6-300x456.png 300w\" sizes=\"auto, (max-width: 395px) 100vw, 395px\" \/> <img loading=\"lazy\" decoding=\"async\" class=\"alignnone size-large wp-image-581\" src=\"http:\/\/www.burkhard-oelmann.de\/wp-content\/uploads\/2018\/11\/oelmann_wsf_gruppe_color2_-800x533.png\" alt=\"\" width=\"640\" height=\"426\" srcset=\"https:\/\/www.burkhard-oelmann.de\/wp-content\/uploads\/2018\/11\/oelmann_wsf_gruppe_color2_.png 800w, https:\/\/www.burkhard-oelmann.de\/wp-content\/uploads\/2018\/11\/oelmann_wsf_gruppe_color2_-300x200.png 300w\" sizes=\"auto, (max-width: 640px) 100vw, 640px\" \/><\/strong><\/p>\r\n<p>&nbsp;<\/p>\r\n<p><strong>Lichte<\/strong><\/p>\r\n<p><img loading=\"lazy\" decoding=\"async\" class=\"alignnone size-full wp-image-584\" src=\"http:\/\/www.burkhard-oelmann.de\/wp-content\/uploads\/2018\/11\/lichte_1_1.png\" alt=\"\" width=\"600\" height=\"400\" srcset=\"https:\/\/www.burkhard-oelmann.de\/wp-content\/uploads\/2018\/11\/lichte_1_1.png 600w, https:\/\/www.burkhard-oelmann.de\/wp-content\/uploads\/2018\/11\/lichte_1_1-300x200.png 300w\" sizes=\"auto, (max-width: 600px) 100vw, 600px\" \/><\/p>\r\n<p><img loading=\"lazy\" decoding=\"async\" class=\"alignnone size-full wp-image-585\" src=\"http:\/\/www.burkhard-oelmann.de\/wp-content\/uploads\/2018\/11\/lichte_1_2.png\" alt=\"\" width=\"600\" height=\"400\" srcset=\"https:\/\/www.burkhard-oelmann.de\/wp-content\/uploads\/2018\/11\/lichte_1_2.png 600w, https:\/\/www.burkhard-oelmann.de\/wp-content\/uploads\/2018\/11\/lichte_1_2-300x200.png 300w\" sizes=\"auto, (max-width: 600px) 100vw, 600px\" \/><\/p>\r\n<p><img loading=\"lazy\" decoding=\"async\" class=\"alignnone size-full wp-image-586\" src=\"http:\/\/www.burkhard-oelmann.de\/wp-content\/uploads\/2018\/11\/lichte_1_3.png\" alt=\"\" width=\"600\" height=\"400\" srcset=\"https:\/\/www.burkhard-oelmann.de\/wp-content\/uploads\/2018\/11\/lichte_1_3.png 600w, https:\/\/www.burkhard-oelmann.de\/wp-content\/uploads\/2018\/11\/lichte_1_3-300x200.png 300w\" sizes=\"auto, (max-width: 600px) 100vw, 600px\" \/><\/p>\r\n<p><img loading=\"lazy\" decoding=\"async\" class=\"alignnone size-full wp-image-587\" src=\"http:\/\/www.burkhard-oelmann.de\/wp-content\/uploads\/2018\/11\/lichte_2_1.png\" alt=\"\" width=\"600\" height=\"400\" srcset=\"https:\/\/www.burkhard-oelmann.de\/wp-content\/uploads\/2018\/11\/lichte_2_1.png 600w, https:\/\/www.burkhard-oelmann.de\/wp-content\/uploads\/2018\/11\/lichte_2_1-300x200.png 300w\" sizes=\"auto, (max-width: 600px) 100vw, 600px\" \/><\/p>\r\n<p><img loading=\"lazy\" decoding=\"async\" class=\"alignnone size-full wp-image-588\" src=\"http:\/\/www.burkhard-oelmann.de\/wp-content\/uploads\/2018\/11\/lichte_2_2.png\" alt=\"\" width=\"600\" height=\"400\" srcset=\"https:\/\/www.burkhard-oelmann.de\/wp-content\/uploads\/2018\/11\/lichte_2_2.png 600w, https:\/\/www.burkhard-oelmann.de\/wp-content\/uploads\/2018\/11\/lichte_2_2-300x200.png 300w\" sizes=\"auto, (max-width: 600px) 100vw, 600px\" \/><\/p>\r\n<p><img loading=\"lazy\" decoding=\"async\" class=\"alignnone size-full wp-image-589\" src=\"http:\/\/www.burkhard-oelmann.de\/wp-content\/uploads\/2018\/11\/lichte_2_3.png\" alt=\"\" width=\"600\" height=\"400\" srcset=\"https:\/\/www.burkhard-oelmann.de\/wp-content\/uploads\/2018\/11\/lichte_2_3.png 600w, https:\/\/www.burkhard-oelmann.de\/wp-content\/uploads\/2018\/11\/lichte_2_3-300x200.png 300w\" sizes=\"auto, (max-width: 600px) 100vw, 600px\" \/><\/p>\r\n<p>&nbsp;<\/p>\r\n\r\n\r\n\r\n<p><strong>Blickwechsel<\/strong><\/p>\r\n<p><img loading=\"lazy\" decoding=\"async\" class=\"alignnone size-large wp-image-696\" src=\"http:\/\/www.burkhard-oelmann.de\/wp-content\/uploads\/2021\/07\/Masken_04-800x600.jpg\" alt=\"\" width=\"640\" height=\"480\" srcset=\"https:\/\/www.burkhard-oelmann.de\/wp-content\/uploads\/2021\/07\/Masken_04.jpg 800w, https:\/\/www.burkhard-oelmann.de\/wp-content\/uploads\/2021\/07\/Masken_04-300x225.jpg 300w\" sizes=\"auto, (max-width: 640px) 100vw, 640px\" \/><\/p>\r\n<p><strong> <img loading=\"lazy\" decoding=\"async\" class=\"alignnone size-large wp-image-697\" src=\"http:\/\/www.burkhard-oelmann.de\/wp-content\/uploads\/2021\/07\/Masken_01-800x600.jpg\" alt=\"\" width=\"640\" height=\"480\" srcset=\"https:\/\/www.burkhard-oelmann.de\/wp-content\/uploads\/2021\/07\/Masken_01.jpg 800w, https:\/\/www.burkhard-oelmann.de\/wp-content\/uploads\/2021\/07\/Masken_01-300x225.jpg 300w\" sizes=\"auto, (max-width: 640px) 100vw, 640px\" \/><\/strong><\/p>\r\n<p><strong> <img loading=\"lazy\" decoding=\"async\" class=\"alignnone size-large wp-image-698\" src=\"http:\/\/www.burkhard-oelmann.de\/wp-content\/uploads\/2021\/07\/Masken_03-800x600.jpg\" alt=\"\" width=\"640\" height=\"480\" srcset=\"https:\/\/www.burkhard-oelmann.de\/wp-content\/uploads\/2021\/07\/Masken_03.jpg 800w, https:\/\/www.burkhard-oelmann.de\/wp-content\/uploads\/2021\/07\/Masken_03-300x225.jpg 300w\" sizes=\"auto, (max-width: 640px) 100vw, 640px\" \/><\/strong><\/p>\r\n<p>&nbsp;<\/p>\r\n\r\n\r\n\r\n\r\n\r\n\r\n\r\n\r\n\r\n\r\n\r\n\r\n\r\n\r\n","protected":false},"excerpt":{"rendered":"<p>Systemfehler (Kleiner Maschinentraum) Aufstand im Reich der Effizienz. Eine Rechenmaschine scheint ein Eigenleben entwickelt zu haben; autopoietisches System oder sch\u00f6ner Eingabefehler. Ziffern tanzen \u00fcber das Papier, verbinden sich nach Sympathie inmitten r\u00e4tselhafter Formen und Muster. Von sinnvoller Kalkulation keine Spur. Statt Datenverarbeitung im Ausdruck: ein Beleg der individuellen Freiheit, des k\u00fcnstlerischen Tagtraums, der zweckfreien Assoziation. [&hellip;]<\/p>\n","protected":false},"author":1,"featured_media":0,"parent":0,"menu_order":0,"comment_status":"closed","ping_status":"closed","template":"","meta":{"footnotes":""},"class_list":["post-174","page","type-page","status-publish","hentry"],"_links":{"self":[{"href":"https:\/\/burkhard-oelmann.de\/index.php?rest_route=\/wp\/v2\/pages\/174","targetHints":{"allow":["GET"]}}],"collection":[{"href":"https:\/\/burkhard-oelmann.de\/index.php?rest_route=\/wp\/v2\/pages"}],"about":[{"href":"https:\/\/burkhard-oelmann.de\/index.php?rest_route=\/wp\/v2\/types\/page"}],"author":[{"embeddable":true,"href":"https:\/\/burkhard-oelmann.de\/index.php?rest_route=\/wp\/v2\/users\/1"}],"replies":[{"embeddable":true,"href":"https:\/\/burkhard-oelmann.de\/index.php?rest_route=%2Fwp%2Fv2%2Fcomments&post=174"}],"version-history":[{"count":73,"href":"https:\/\/burkhard-oelmann.de\/index.php?rest_route=\/wp\/v2\/pages\/174\/revisions"}],"predecessor-version":[{"id":861,"href":"https:\/\/burkhard-oelmann.de\/index.php?rest_route=\/wp\/v2\/pages\/174\/revisions\/861"}],"wp:attachment":[{"href":"https:\/\/burkhard-oelmann.de\/index.php?rest_route=%2Fwp%2Fv2%2Fmedia&parent=174"}],"curies":[{"name":"wp","href":"https:\/\/api.w.org\/{rel}","templated":true}]}}