{"id":234,"date":"2014-11-12T02:30:56","date_gmt":"2014-11-12T00:30:56","guid":{"rendered":"http:\/\/www.burkhard-oelmann.de\/wordpress\/?page_id=234"},"modified":"2023-08-06T15:14:40","modified_gmt":"2023-08-06T13:14:40","slug":"installationen","status":"publish","type":"page","link":"https:\/\/burkhard-oelmann.de\/?page_id=234","title":{"rendered":"Video \/ Installationen"},"content":{"rendered":"<p><strong>Zeichen und Wunder<\/strong><\/p>\n<p><img loading=\"lazy\" decoding=\"async\" class=\"alignnone size-full wp-image-775\" src=\"http:\/\/www.burkhard-oelmann.de\/wp-content\/uploads\/2022\/09\/Zeichen_und_Wunder_01.jpg\" alt=\"\" width=\"450\" height=\"600\" srcset=\"https:\/\/www.burkhard-oelmann.de\/wp-content\/uploads\/2022\/09\/Zeichen_und_Wunder_01.jpg 450w, https:\/\/www.burkhard-oelmann.de\/wp-content\/uploads\/2022\/09\/Zeichen_und_Wunder_01-300x400.jpg 300w\" sizes=\"auto, (max-width: 450px) 100vw, 450px\" \/> <img loading=\"lazy\" decoding=\"async\" class=\"alignnone size-full wp-image-776\" src=\"http:\/\/www.burkhard-oelmann.de\/wp-content\/uploads\/2022\/09\/Zeichen_und_Wunder_02.jpg\" alt=\"\" width=\"450\" height=\"600\" srcset=\"https:\/\/www.burkhard-oelmann.de\/wp-content\/uploads\/2022\/09\/Zeichen_und_Wunder_02.jpg 450w, https:\/\/www.burkhard-oelmann.de\/wp-content\/uploads\/2022\/09\/Zeichen_und_Wunder_02-300x400.jpg 300w\" sizes=\"auto, (max-width: 450px) 100vw, 450px\" \/> <img loading=\"lazy\" decoding=\"async\" class=\"alignnone size-full wp-image-777\" src=\"http:\/\/www.burkhard-oelmann.de\/wp-content\/uploads\/2022\/09\/Zeichen_und_Wunder_03.jpg\" alt=\"\" width=\"450\" height=\"600\" srcset=\"https:\/\/www.burkhard-oelmann.de\/wp-content\/uploads\/2022\/09\/Zeichen_und_Wunder_03.jpg 450w, https:\/\/www.burkhard-oelmann.de\/wp-content\/uploads\/2022\/09\/Zeichen_und_Wunder_03-300x400.jpg 300w\" sizes=\"auto, (max-width: 450px) 100vw, 450px\" \/> <img loading=\"lazy\" decoding=\"async\" class=\"alignnone size-full wp-image-778\" src=\"http:\/\/www.burkhard-oelmann.de\/wp-content\/uploads\/2022\/09\/Zeichen_und_Wunder_03B.jpg\" alt=\"\" width=\"450\" height=\"600\" srcset=\"https:\/\/www.burkhard-oelmann.de\/wp-content\/uploads\/2022\/09\/Zeichen_und_Wunder_03B.jpg 450w, https:\/\/www.burkhard-oelmann.de\/wp-content\/uploads\/2022\/09\/Zeichen_und_Wunder_03B-300x400.jpg 300w\" sizes=\"auto, (max-width: 450px) 100vw, 450px\" \/> <img loading=\"lazy\" decoding=\"async\" class=\"alignnone size-full wp-image-780\" src=\"http:\/\/www.burkhard-oelmann.de\/wp-content\/uploads\/2022\/09\/Zeichen_und_Wunder_04.jpg\" alt=\"\" width=\"600\" height=\"454\" srcset=\"https:\/\/www.burkhard-oelmann.de\/wp-content\/uploads\/2022\/09\/Zeichen_und_Wunder_04.jpg 600w, https:\/\/www.burkhard-oelmann.de\/wp-content\/uploads\/2022\/09\/Zeichen_und_Wunder_04-300x227.jpg 300w\" sizes=\"auto, (max-width: 600px) 100vw, 600px\" \/> <img loading=\"lazy\" decoding=\"async\" class=\"alignnone size-full wp-image-779\" src=\"http:\/\/www.burkhard-oelmann.de\/wp-content\/uploads\/2022\/09\/Zeichen_und_Wunder_03C.jpg\" alt=\"\" width=\"450\" height=\"600\" srcset=\"https:\/\/www.burkhard-oelmann.de\/wp-content\/uploads\/2022\/09\/Zeichen_und_Wunder_03C.jpg 450w, https:\/\/www.burkhard-oelmann.de\/wp-content\/uploads\/2022\/09\/Zeichen_und_Wunder_03C-300x400.jpg 300w\" sizes=\"auto, (max-width: 450px) 100vw, 450px\" \/>\u00a0 <img loading=\"lazy\" decoding=\"async\" class=\"alignnone size-full wp-image-791\" src=\"http:\/\/www.burkhard-oelmann.de\/wp-content\/uploads\/2022\/09\/Zeichen_und_Wunder_05-1.jpg\" alt=\"\" width=\"450\" height=\"600\" srcset=\"https:\/\/www.burkhard-oelmann.de\/wp-content\/uploads\/2022\/09\/Zeichen_und_Wunder_05-1.jpg 450w, https:\/\/www.burkhard-oelmann.de\/wp-content\/uploads\/2022\/09\/Zeichen_und_Wunder_05-1-300x400.jpg 300w\" sizes=\"auto, (max-width: 450px) 100vw, 450px\" \/> <img loading=\"lazy\" decoding=\"async\" class=\"alignnone size-full wp-image-794\" src=\"http:\/\/www.burkhard-oelmann.de\/wp-content\/uploads\/2022\/09\/Zeichen_und_Wunder_15.jpg\" alt=\"\" width=\"450\" height=\"600\" srcset=\"https:\/\/www.burkhard-oelmann.de\/wp-content\/uploads\/2022\/09\/Zeichen_und_Wunder_15.jpg 450w, https:\/\/www.burkhard-oelmann.de\/wp-content\/uploads\/2022\/09\/Zeichen_und_Wunder_15-300x400.jpg 300w\" sizes=\"auto, (max-width: 450px) 100vw, 450px\" \/> <img loading=\"lazy\" decoding=\"async\" class=\"alignnone size-full wp-image-795\" src=\"http:\/\/www.burkhard-oelmann.de\/wp-content\/uploads\/2022\/09\/Zeichen_und_Wunder_19.jpg\" alt=\"\" width=\"450\" height=\"600\" srcset=\"https:\/\/www.burkhard-oelmann.de\/wp-content\/uploads\/2022\/09\/Zeichen_und_Wunder_19.jpg 450w, https:\/\/www.burkhard-oelmann.de\/wp-content\/uploads\/2022\/09\/Zeichen_und_Wunder_19-300x400.jpg 300w\" sizes=\"auto, (max-width: 450px) 100vw, 450px\" \/> <img loading=\"lazy\" decoding=\"async\" class=\"alignnone size-full wp-image-796\" src=\"http:\/\/www.burkhard-oelmann.de\/wp-content\/uploads\/2022\/09\/Zeichen_und_Wunder_20.jpg\" alt=\"\" width=\"450\" height=\"600\" srcset=\"https:\/\/www.burkhard-oelmann.de\/wp-content\/uploads\/2022\/09\/Zeichen_und_Wunder_20.jpg 450w, https:\/\/www.burkhard-oelmann.de\/wp-content\/uploads\/2022\/09\/Zeichen_und_Wunder_20-300x400.jpg 300w\" sizes=\"auto, (max-width: 450px) 100vw, 450px\" \/> <img loading=\"lazy\" decoding=\"async\" class=\"alignnone size-full wp-image-798\" src=\"http:\/\/www.burkhard-oelmann.de\/wp-content\/uploads\/2022\/09\/Zeichen_und_Wunder_26.jpg\" alt=\"\" width=\"450\" height=\"600\" srcset=\"https:\/\/www.burkhard-oelmann.de\/wp-content\/uploads\/2022\/09\/Zeichen_und_Wunder_26.jpg 450w, https:\/\/www.burkhard-oelmann.de\/wp-content\/uploads\/2022\/09\/Zeichen_und_Wunder_26-300x400.jpg 300w\" sizes=\"auto, (max-width: 450px) 100vw, 450px\" \/> <img loading=\"lazy\" decoding=\"async\" class=\"alignnone size-full wp-image-797\" src=\"http:\/\/www.burkhard-oelmann.de\/wp-content\/uploads\/2022\/09\/Zeichen_und_Wunder_25.jpg\" alt=\"\" width=\"450\" height=\"600\" srcset=\"https:\/\/www.burkhard-oelmann.de\/wp-content\/uploads\/2022\/09\/Zeichen_und_Wunder_25.jpg 450w, https:\/\/www.burkhard-oelmann.de\/wp-content\/uploads\/2022\/09\/Zeichen_und_Wunder_25-300x400.jpg 300w\" sizes=\"auto, (max-width: 450px) 100vw, 450px\" \/> <img loading=\"lazy\" decoding=\"async\" class=\"alignnone size-full wp-image-799\" src=\"http:\/\/www.burkhard-oelmann.de\/wp-content\/uploads\/2022\/09\/Zeichen_und_Wunder_27.jpg\" alt=\"\" width=\"450\" height=\"600\" srcset=\"https:\/\/www.burkhard-oelmann.de\/wp-content\/uploads\/2022\/09\/Zeichen_und_Wunder_27.jpg 450w, https:\/\/www.burkhard-oelmann.de\/wp-content\/uploads\/2022\/09\/Zeichen_und_Wunder_27-300x400.jpg 300w\" sizes=\"auto, (max-width: 450px) 100vw, 450px\" \/> <img loading=\"lazy\" decoding=\"async\" class=\"alignnone size-full wp-image-800\" src=\"http:\/\/www.burkhard-oelmann.de\/wp-content\/uploads\/2022\/09\/Zeichen_und_Wunder_22.jpg\" alt=\"\" width=\"450\" height=\"600\" srcset=\"https:\/\/www.burkhard-oelmann.de\/wp-content\/uploads\/2022\/09\/Zeichen_und_Wunder_22.jpg 450w, https:\/\/www.burkhard-oelmann.de\/wp-content\/uploads\/2022\/09\/Zeichen_und_Wunder_22-300x400.jpg 300w\" sizes=\"auto, (max-width: 450px) 100vw, 450px\" \/> <img loading=\"lazy\" decoding=\"async\" class=\"alignnone size-full wp-image-801\" src=\"http:\/\/www.burkhard-oelmann.de\/wp-content\/uploads\/2022\/09\/Zeichen_und_Wunder_17.jpg\" alt=\"\" width=\"450\" height=\"600\" srcset=\"https:\/\/www.burkhard-oelmann.de\/wp-content\/uploads\/2022\/09\/Zeichen_und_Wunder_17.jpg 450w, https:\/\/www.burkhard-oelmann.de\/wp-content\/uploads\/2022\/09\/Zeichen_und_Wunder_17-300x400.jpg 300w\" sizes=\"auto, (max-width: 450px) 100vw, 450px\" \/><\/p>\n<p>&nbsp;<\/p>\n<p><strong>[FRGMNT]<\/strong><\/p>\n<p style=\"text-align: justify;\">Ein leerstehendes Mietshaus in Berlin. Ein kleiner Raum, ehemals die K\u00fcche. An der Wand Fotografien, alle in diesem Raum aufgenommen. Die W\u00e4nde optisch aufgel\u00f6st durch hunderte Spiegelmosaiksteine. Von der Decke h\u00e4ngen kleine Mobiles und verspiegelte Buchstaben, die selbst nur Fragmente des Wortes Fragment sind.<\/p>\n<p style=\"text-align: justify;\">Jede Fotografie ist ein Fragment, ein begrenztes Spiegelbild.<br \/>\nDer Blick in den Spiegel zeigt die halbe Wahrheit.<br \/>\nJeder begrenzte Raum ist ein Fragment.<br \/>\nJeder Text ist ein Fragment.<br \/>\nLicht fragmentiert die Welt in Hell und Dunkel.<br \/>\nFotografie ist Licht.<\/p>\n<p><img loading=\"lazy\" decoding=\"async\" class=\"alignnone size-full wp-image-238\" src=\"http:\/\/www.burkhard-oelmann.de\/wp-content\/uploads\/2014\/11\/FRGMNT-02.jpg\" alt=\"\" width=\"800\" height=\"533\" srcset=\"https:\/\/www.burkhard-oelmann.de\/wp-content\/uploads\/2014\/11\/FRGMNT-02.jpg 800w, https:\/\/www.burkhard-oelmann.de\/wp-content\/uploads\/2014\/11\/FRGMNT-02-300x199.jpg 300w\" sizes=\"auto, (max-width: 800px) 100vw, 800px\" \/><\/p>\n<p><img loading=\"lazy\" decoding=\"async\" class=\"alignnone size-full wp-image-244\" src=\"http:\/\/www.burkhard-oelmann.de\/wp-content\/uploads\/2014\/11\/FRGMNT-08.jpg\" alt=\"\" width=\"800\" height=\"533\" srcset=\"https:\/\/www.burkhard-oelmann.de\/wp-content\/uploads\/2014\/11\/FRGMNT-08.jpg 800w, https:\/\/www.burkhard-oelmann.de\/wp-content\/uploads\/2014\/11\/FRGMNT-08-300x199.jpg 300w\" sizes=\"auto, (max-width: 800px) 100vw, 800px\" \/><\/p>\n<p><img loading=\"lazy\" decoding=\"async\" class=\"alignnone size-large wp-image-243\" src=\"http:\/\/www.burkhard-oelmann.de\/wp-content\/uploads\/2014\/11\/FRGMNT-07.jpg\" alt=\"\" width=\"800\" height=\"633\" \/><\/p>\n<p><img loading=\"lazy\" decoding=\"async\" class=\"alignnone size-large wp-image-242\" src=\"http:\/\/www.burkhard-oelmann.de\/wp-content\/uploads\/2014\/11\/FRGMNT-06.jpg\" alt=\"\" width=\"800\" height=\"633\" \/><\/p>\n<p><img loading=\"lazy\" decoding=\"async\" class=\"alignnone size-large wp-image-241\" src=\"http:\/\/www.burkhard-oelmann.de\/wp-content\/uploads\/2014\/11\/FRGMNT-05.jpg\" alt=\"\" width=\"800\" height=\"633\" \/><\/p>\n<p><img loading=\"lazy\" decoding=\"async\" class=\"alignnone size-large wp-image-240\" src=\"http:\/\/www.burkhard-oelmann.de\/wp-content\/uploads\/2014\/11\/FRGMNT-04.jpg\" alt=\"\" width=\"800\" height=\"633\" \/><\/p>\n<p><img loading=\"lazy\" decoding=\"async\" class=\"alignnone size-full wp-image-239\" src=\"http:\/\/www.burkhard-oelmann.de\/wp-content\/uploads\/2014\/11\/FRGMNT-03.jpg\" alt=\"\" width=\"800\" height=\"533\" srcset=\"https:\/\/www.burkhard-oelmann.de\/wp-content\/uploads\/2014\/11\/FRGMNT-03.jpg 800w, https:\/\/www.burkhard-oelmann.de\/wp-content\/uploads\/2014\/11\/FRGMNT-03-300x199.jpg 300w\" sizes=\"auto, (max-width: 800px) 100vw, 800px\" \/><\/p>\n<p>&nbsp;<\/p>\n<p><strong>95 ML<\/strong><\/p>\n<p>95 ML, 2017, Video, 63 min, (Ausschnitt)<br \/>\nLuthopia Festival, Berlin 2017<\/p>\n<p><iframe loading=\"lazy\" title=\"95 ML\" src=\"https:\/\/player.vimeo.com\/video\/221788085?dnt=1&amp;app_id=122963\" width=\"640\" height=\"360\" frameborder=\"0\" allow=\"autoplay; fullscreen; picture-in-picture; clipboard-write\"><\/iframe><\/p>\n<p><img loading=\"lazy\" decoding=\"async\" class=\"alignnone wp-image-522 size-medium\" src=\"http:\/\/www.burkhard-oelmann.de\/wp-content\/uploads\/2014\/11\/ML-16_600-300x475.png\" alt=\"\" width=\"300\" height=\"475\" srcset=\"https:\/\/www.burkhard-oelmann.de\/wp-content\/uploads\/2014\/11\/ML-16_600-300x475.png 300w, https:\/\/www.burkhard-oelmann.de\/wp-content\/uploads\/2014\/11\/ML-16_600.png 379w\" sizes=\"auto, (max-width: 300px) 100vw, 300px\" \/> <img loading=\"lazy\" decoding=\"async\" class=\"alignnone wp-image-523 size-medium\" src=\"http:\/\/www.burkhard-oelmann.de\/wp-content\/uploads\/2014\/11\/ML-28_600-300x475.png\" alt=\"\" width=\"300\" height=\"475\" srcset=\"https:\/\/www.burkhard-oelmann.de\/wp-content\/uploads\/2014\/11\/ML-28_600-300x475.png 300w, https:\/\/www.burkhard-oelmann.de\/wp-content\/uploads\/2014\/11\/ML-28_600.png 379w\" sizes=\"auto, (max-width: 300px) 100vw, 300px\" \/> <img loading=\"lazy\" decoding=\"async\" class=\"alignnone wp-image-524 size-medium\" src=\"http:\/\/www.burkhard-oelmann.de\/wp-content\/uploads\/2014\/11\/ML-33_600-300x475.png\" alt=\"\" width=\"300\" height=\"475\" srcset=\"https:\/\/www.burkhard-oelmann.de\/wp-content\/uploads\/2014\/11\/ML-33_600-300x475.png 300w, https:\/\/www.burkhard-oelmann.de\/wp-content\/uploads\/2014\/11\/ML-33_600.png 379w\" sizes=\"auto, (max-width: 300px) 100vw, 300px\" \/><\/p>\n<p><img loading=\"lazy\" decoding=\"async\" class=\"alignnone wp-image-526 size-medium\" src=\"http:\/\/www.burkhard-oelmann.de\/wp-content\/uploads\/2014\/11\/ML-49_600-300x475.png\" alt=\"\" width=\"300\" height=\"475\" srcset=\"https:\/\/www.burkhard-oelmann.de\/wp-content\/uploads\/2014\/11\/ML-49_600-300x475.png 300w, https:\/\/www.burkhard-oelmann.de\/wp-content\/uploads\/2014\/11\/ML-49_600.png 379w\" sizes=\"auto, (max-width: 300px) 100vw, 300px\" \/> <img loading=\"lazy\" decoding=\"async\" class=\"alignnone wp-image-527 size-medium\" src=\"http:\/\/www.burkhard-oelmann.de\/wp-content\/uploads\/2014\/11\/ML-52_600-300x475.png\" alt=\"\" width=\"300\" height=\"475\" srcset=\"https:\/\/www.burkhard-oelmann.de\/wp-content\/uploads\/2014\/11\/ML-52_600-300x475.png 300w, https:\/\/www.burkhard-oelmann.de\/wp-content\/uploads\/2014\/11\/ML-52_600.png 379w\" sizes=\"auto, (max-width: 300px) 100vw, 300px\" \/> <img loading=\"lazy\" decoding=\"async\" class=\"alignnone wp-image-528 size-medium\" src=\"http:\/\/www.burkhard-oelmann.de\/wp-content\/uploads\/2014\/11\/ML-54_600-300x475.png\" alt=\"\" width=\"300\" height=\"475\" srcset=\"https:\/\/www.burkhard-oelmann.de\/wp-content\/uploads\/2014\/11\/ML-54_600-300x475.png 300w, https:\/\/www.burkhard-oelmann.de\/wp-content\/uploads\/2014\/11\/ML-54_600.png 379w\" sizes=\"auto, (max-width: 300px) 100vw, 300px\" \/><\/p>\n<p><img loading=\"lazy\" decoding=\"async\" class=\"alignnone wp-image-529 size-medium\" src=\"http:\/\/www.burkhard-oelmann.de\/wp-content\/uploads\/2014\/11\/ML-59_600-300x475.png\" alt=\"\" width=\"300\" height=\"475\" srcset=\"https:\/\/www.burkhard-oelmann.de\/wp-content\/uploads\/2014\/11\/ML-59_600-300x475.png 300w, https:\/\/www.burkhard-oelmann.de\/wp-content\/uploads\/2014\/11\/ML-59_600.png 379w\" sizes=\"auto, (max-width: 300px) 100vw, 300px\" \/> <img loading=\"lazy\" decoding=\"async\" class=\"alignnone wp-image-530 size-medium\" src=\"http:\/\/www.burkhard-oelmann.de\/wp-content\/uploads\/2014\/11\/ML-76_600-300x475.png\" alt=\"\" width=\"300\" height=\"475\" srcset=\"https:\/\/www.burkhard-oelmann.de\/wp-content\/uploads\/2014\/11\/ML-76_600-300x475.png 300w, https:\/\/www.burkhard-oelmann.de\/wp-content\/uploads\/2014\/11\/ML-76_600.png 379w\" sizes=\"auto, (max-width: 300px) 100vw, 300px\" \/> <img loading=\"lazy\" decoding=\"async\" class=\"alignnone wp-image-531 size-medium\" src=\"http:\/\/www.burkhard-oelmann.de\/wp-content\/uploads\/2014\/11\/ML-81_600-300x475.png\" alt=\"\" width=\"300\" height=\"475\" srcset=\"https:\/\/www.burkhard-oelmann.de\/wp-content\/uploads\/2014\/11\/ML-81_600-300x475.png 300w, https:\/\/www.burkhard-oelmann.de\/wp-content\/uploads\/2014\/11\/ML-81_600.png 379w\" sizes=\"auto, (max-width: 300px) 100vw, 300px\" \/><\/p>\n<p>&nbsp;<\/p>\n<p><strong>Space 1, 2, 3<\/strong><\/p>\n<p><iframe loading=\"lazy\" title=\"Space 1\" src=\"https:\/\/player.vimeo.com\/video\/514667780?dnt=1&amp;app_id=122963\" width=\"640\" height=\"360\" frameborder=\"0\" allow=\"autoplay; fullscreen; picture-in-picture; clipboard-write\"><\/iframe><\/p>\n<p><iframe loading=\"lazy\" title=\"Space 2\" src=\"https:\/\/player.vimeo.com\/video\/591104214?dnt=1&amp;app_id=122963\" width=\"640\" height=\"360\" frameborder=\"0\" allow=\"autoplay; fullscreen; picture-in-picture; clipboard-write\"><\/iframe><\/p>\n<p><iframe loading=\"lazy\" title=\"Space 3\" src=\"https:\/\/player.vimeo.com\/video\/592842806?dnt=1&amp;app_id=122963\" width=\"640\" height=\"360\" frameborder=\"0\" allow=\"autoplay; fullscreen; picture-in-picture; clipboard-write\"><\/iframe><\/p>\n<p>&nbsp;<\/p>\n<p><strong>Trias<\/strong><\/p>\n<p>Luthopia Festival, Berlin 2017<\/p>\n<p><img loading=\"lazy\" decoding=\"async\" class=\"alignnone size-large wp-image-540\" src=\"http:\/\/www.burkhard-oelmann.de\/wp-content\/uploads\/2014\/11\/Trias_Banner_web-92x600.png\" alt=\"\" width=\"92\" height=\"600\" data-wp-editing=\"1\" \/><\/p>\n<p><img loading=\"lazy\" decoding=\"async\" class=\"alignnone size-large wp-image-539\" src=\"http:\/\/www.burkhard-oelmann.de\/wp-content\/uploads\/2014\/11\/Trias_Banner_3-400x600.png\" alt=\"\" width=\"400\" height=\"600\" srcset=\"https:\/\/www.burkhard-oelmann.de\/wp-content\/uploads\/2014\/11\/Trias_Banner_3.png 400w, https:\/\/www.burkhard-oelmann.de\/wp-content\/uploads\/2014\/11\/Trias_Banner_3-300x450.png 300w\" sizes=\"auto, (max-width: 400px) 100vw, 400px\" \/><\/p>\n<p><img loading=\"lazy\" decoding=\"async\" class=\"alignnone size-large wp-image-538\" src=\"http:\/\/www.burkhard-oelmann.de\/wp-content\/uploads\/2014\/11\/Trias_Banner_1-400x600.png\" alt=\"\" width=\"400\" height=\"600\" data-wp-editing=\"1\" srcset=\"https:\/\/www.burkhard-oelmann.de\/wp-content\/uploads\/2014\/11\/Trias_Banner_1.png 400w, https:\/\/www.burkhard-oelmann.de\/wp-content\/uploads\/2014\/11\/Trias_Banner_1-300x450.png 300w\" sizes=\"auto, (max-width: 400px) 100vw, 400px\" \/><\/p>\n<p>&nbsp;<\/p>\n<p>&nbsp;<\/p>\n<p>&nbsp;<\/p>\n<p>&nbsp;<\/p>\n<p>&nbsp;<\/p>\n<p>&nbsp;<\/p>\n<p>&nbsp;<\/p>\n<p>&nbsp;<\/p>\n<p>&nbsp;<\/p>\n","protected":false},"excerpt":{"rendered":"<p>Zeichen und Wunder \u00a0 &nbsp; [FRGMNT] Ein leerstehendes Mietshaus in Berlin. Ein kleiner Raum, ehemals die K\u00fcche. An der Wand Fotografien, alle in diesem Raum aufgenommen. Die W\u00e4nde optisch aufgel\u00f6st durch hunderte Spiegelmosaiksteine. Von der Decke h\u00e4ngen kleine Mobiles und verspiegelte Buchstaben, die selbst nur Fragmente des Wortes Fragment sind. Jede Fotografie ist ein Fragment, [&hellip;]<\/p>\n","protected":false},"author":1,"featured_media":0,"parent":0,"menu_order":0,"comment_status":"closed","ping_status":"closed","template":"","meta":{"footnotes":""},"class_list":["post-234","page","type-page","status-publish","hentry"],"_links":{"self":[{"href":"https:\/\/burkhard-oelmann.de\/index.php?rest_route=\/wp\/v2\/pages\/234","targetHints":{"allow":["GET"]}}],"collection":[{"href":"https:\/\/burkhard-oelmann.de\/index.php?rest_route=\/wp\/v2\/pages"}],"about":[{"href":"https:\/\/burkhard-oelmann.de\/index.php?rest_route=\/wp\/v2\/types\/page"}],"author":[{"embeddable":true,"href":"https:\/\/burkhard-oelmann.de\/index.php?rest_route=\/wp\/v2\/users\/1"}],"replies":[{"embeddable":true,"href":"https:\/\/burkhard-oelmann.de\/index.php?rest_route=%2Fwp%2Fv2%2Fcomments&post=234"}],"version-history":[{"count":34,"href":"https:\/\/burkhard-oelmann.de\/index.php?rest_route=\/wp\/v2\/pages\/234\/revisions"}],"predecessor-version":[{"id":840,"href":"https:\/\/burkhard-oelmann.de\/index.php?rest_route=\/wp\/v2\/pages\/234\/revisions\/840"}],"wp:attachment":[{"href":"https:\/\/burkhard-oelmann.de\/index.php?rest_route=%2Fwp%2Fv2%2Fmedia&parent=234"}],"curies":[{"name":"wp","href":"https:\/\/api.w.org\/{rel}","templated":true}]}}